{"id":157,"date":"2024-08-14T13:55:17","date_gmt":"2024-08-14T13:55:17","guid":{"rendered":"https:\/\/gancpt.at\/wordpress\/index.php\/home\/"},"modified":"2024-11-03T11:11:09","modified_gmt":"2024-11-03T11:11:09","slug":"home","status":"publish","type":"page","link":"https:\/\/gancpt.at\/wordpress\/","title":{"rendered":"HOME"},"content":{"rendered":"<div class=\"art-content-layout\">\n<div class=\"art-content-layout-row\">\n<div class=\"art-layout-cell layout-item-0\" style=\"width: 100%;\"><\/div>\n<\/div>\n<\/div>\n<div class=\"whirlwind-text-container\" style=\"position: relative; height: 300px; overflow: hidden; display: flex; justify-content: center; align-items: center; perspective: 2000px;\"><div id=\"whirlwind-text-shortcode\"><span class=\"whirlwind-word\" style=\"position: absolute; font-size: 1.2em; white-space: nowrap;\"><br<\/span><span class=\"whirlwind-word\" style=\"position: absolute; font-size: 1.2em; white-space: nowrap;\">\/>\nWhen<\/span><span class=\"whirlwind-word\" style=\"position: absolute; font-size: 1.2em; white-space: nowrap;\">you<\/span><span class=\"whirlwind-word\" style=\"position: absolute; font-size: 1.2em; white-space: nowrap;\">try<\/span><span class=\"whirlwind-word\" style=\"position: absolute; font-size: 1.2em; white-space: nowrap;\">your<\/span><span class=\"whirlwind-word\" style=\"position: absolute; font-size: 1.2em; white-space: nowrap;\">best,<\/span><span class=\"whirlwind-word\" style=\"position: absolute; font-size: 1.2em; white-space: nowrap;\">but<\/span><span class=\"whirlwind-word\" style=\"position: absolute; font-size: 1.2em; white-space: nowrap;\">you<\/span><span class=\"whirlwind-word\" style=\"position: absolute; font-size: 1.2em; white-space: nowrap;\">don&#8217;t<\/span><span class=\"whirlwind-word\" style=\"position: absolute; font-size: 1.2em; white-space: nowrap;\">succeed<br<\/span><span class=\"whirlwind-word\" style=\"position: absolute; font-size: 1.2em; white-space: nowrap;\">\/>\nWhen<\/span><span class=\"whirlwind-word\" style=\"position: absolute; font-size: 1.2em; white-space: nowrap;\">you<\/span><span class=\"whirlwind-word\" style=\"position: absolute; font-size: 1.2em; white-space: nowrap;\">get<\/span><span class=\"whirlwind-word\" style=\"position: absolute; font-size: 1.2em; white-space: nowrap;\">what<\/span><span class=\"whirlwind-word\" style=\"position: absolute; font-size: 1.2em; white-space: nowrap;\">you<\/span><span class=\"whirlwind-word\" style=\"position: absolute; font-size: 1.2em; white-space: nowrap;\">want,<\/span><span class=\"whirlwind-word\" style=\"position: absolute; font-size: 1.2em; white-space: nowrap;\">but<\/span><span class=\"whirlwind-word\" style=\"position: absolute; font-size: 1.2em; white-space: nowrap;\">not<\/span><span class=\"whirlwind-word\" style=\"position: absolute; font-size: 1.2em; white-space: nowrap;\">what<\/span><span class=\"whirlwind-word\" style=\"position: absolute; font-size: 1.2em; white-space: nowrap;\">you<\/span><span class=\"whirlwind-word\" style=\"position: absolute; font-size: 1.2em; white-space: nowrap;\">need<br<\/span><span class=\"whirlwind-word\" style=\"position: absolute; font-size: 1.2em; white-space: nowrap;\">\/>\nWhen<\/span><span class=\"whirlwind-word\" style=\"position: absolute; font-size: 1.2em; white-space: nowrap;\">you<\/span><span class=\"whirlwind-word\" style=\"position: absolute; font-size: 1.2em; white-space: nowrap;\">feel<\/span><span class=\"whirlwind-word\" style=\"position: absolute; font-size: 1.2em; white-space: nowrap;\">so<\/span><span class=\"whirlwind-word\" style=\"position: absolute; font-size: 1.2em; white-space: nowrap;\">tired,<\/span><span class=\"whirlwind-word\" style=\"position: absolute; font-size: 1.2em; white-space: nowrap;\">but<\/span><span class=\"whirlwind-word\" style=\"position: absolute; font-size: 1.2em; white-space: nowrap;\">you<\/span><span class=\"whirlwind-word\" style=\"position: absolute; font-size: 1.2em; white-space: nowrap;\">can&#8217;t<\/span><span class=\"whirlwind-word\" style=\"position: absolute; font-size: 1.2em; white-space: nowrap;\">sleep<br<\/span><span class=\"whirlwind-word\" style=\"position: absolute; font-size: 1.2em; white-space: nowrap;\">\/>\nStuck<\/span><span class=\"whirlwind-word\" style=\"position: absolute; font-size: 1.2em; white-space: nowrap;\">in<\/span><span class=\"whirlwind-word\" style=\"position: absolute; font-size: 1.2em; white-space: nowrap;\">reverse<br<\/span><span class=\"whirlwind-word\" style=\"position: absolute; font-size: 1.2em; white-space: nowrap;\">\/>\nAnd<\/span><span class=\"whirlwind-word\" style=\"position: absolute; font-size: 1.2em; white-space: nowrap;\">the<\/span><span class=\"whirlwind-word\" style=\"position: absolute; font-size: 1.2em; white-space: nowrap;\">tears<\/span><span class=\"whirlwind-word\" style=\"position: absolute; font-size: 1.2em; white-space: nowrap;\">come<\/span><span class=\"whirlwind-word\" style=\"position: absolute; font-size: 1.2em; white-space: nowrap;\">streaming<\/span><span class=\"whirlwind-word\" style=\"position: absolute; font-size: 1.2em; white-space: nowrap;\">down<\/span><span class=\"whirlwind-word\" style=\"position: absolute; font-size: 1.2em; white-space: nowrap;\">your<\/span><span class=\"whirlwind-word\" style=\"position: absolute; font-size: 1.2em; white-space: nowrap;\">face<br<\/span><span class=\"whirlwind-word\" style=\"position: absolute; font-size: 1.2em; white-space: nowrap;\">\/>\nWhen<\/span><span class=\"whirlwind-word\" style=\"position: absolute; font-size: 1.2em; white-space: nowrap;\">you<\/span><span class=\"whirlwind-word\" style=\"position: absolute; font-size: 1.2em; white-space: nowrap;\">lose<\/span><span class=\"whirlwind-word\" style=\"position: absolute; font-size: 1.2em; white-space: nowrap;\">something<\/span><span class=\"whirlwind-word\" style=\"position: absolute; font-size: 1.2em; white-space: nowrap;\">you<\/span><span class=\"whirlwind-word\" style=\"position: absolute; font-size: 1.2em; white-space: nowrap;\">can&#8217;t<\/span><span class=\"whirlwind-word\" style=\"position: absolute; font-size: 1.2em; white-space: nowrap;\">replace<br<\/span><span class=\"whirlwind-word\" style=\"position: absolute; font-size: 1.2em; white-space: nowrap;\">\/>\nWhen<\/span><span class=\"whirlwind-word\" style=\"position: absolute; font-size: 1.2em; white-space: nowrap;\">you<\/span><span class=\"whirlwind-word\" style=\"position: absolute; font-size: 1.2em; white-space: nowrap;\">love<\/span><span class=\"whirlwind-word\" style=\"position: absolute; font-size: 1.2em; white-space: nowrap;\">someone,<\/span><span class=\"whirlwind-word\" style=\"position: absolute; font-size: 1.2em; white-space: nowrap;\">but<\/span><span class=\"whirlwind-word\" style=\"position: absolute; font-size: 1.2em; white-space: nowrap;\">it<\/span><span class=\"whirlwind-word\" style=\"position: absolute; font-size: 1.2em; white-space: nowrap;\">goes<\/span><span class=\"whirlwind-word\" style=\"position: absolute; font-size: 1.2em; white-space: nowrap;\">to<\/span><span class=\"whirlwind-word\" style=\"position: absolute; font-size: 1.2em; white-space: nowrap;\">waste<br<\/span><span class=\"whirlwind-word\" style=\"position: absolute; font-size: 1.2em; white-space: nowrap;\">\/>\nCould<\/span><span class=\"whirlwind-word\" style=\"position: absolute; font-size: 1.2em; white-space: nowrap;\">it<\/span><span class=\"whirlwind-word\" style=\"position: absolute; font-size: 1.2em; white-space: nowrap;\">be<\/span><span class=\"whirlwind-word\" style=\"position: absolute; font-size: 1.2em; white-space: nowrap;\">worse?<br<\/span><span class=\"whirlwind-word\" style=\"position: absolute; font-size: 1.2em; white-space: nowrap;\">\/>\n<\/span><\/div><\/div>\n    <script type=\"text\/javascript\">\n    document.addEventListener(\"DOMContentLoaded\", function() {\n        function startWhirlwindTextAnimation() {\n            if (typeof gsap !== \"undefined\") {\n                var words = document.querySelectorAll(\".whirlwind-word\");\n                var radius = 200; \/\/ Base radius of the whirlwind\n                var depth = 800; \/\/ Depth for the 3D effect\n                var layers = 10; \/\/ Number of layers in the whirlwind\n                var animations = [];\n\n                words.forEach(function(word, index) {\n                    var layer = index % layers;\n                    var angle = (360 \/ layers) * layer;\n                    var x = radius * Math.cos(angle * (Math.PI \/ 180));\n                    var y = radius * Math.sin(angle * (Math.PI \/ 180));\n                    var z = (index * depth) \/ words.length;\n\n                    gsap.set(word, {\n                        x: x,\n                        y: y,\n                        z: z\n                    });\n\n                    var rotationAnim = gsap.to(word, {\n                        rotationY: \"+=360\",\n                        rotationX: \"+=360\",\n                        z: gsap.utils.random(-depth, depth),\n                        duration: gsap.utils.random(10, 15),\n                        repeat: -1,\n                        ease: \"linear\"\n                    });\n\n                    var movementAnim = gsap.to(word, {\n                        x: `+=${gsap.utils.random(-50, 50)}`,\n                        y: `+=${gsap.utils.random(-50, 50)}`,\n                        z: `+=${gsap.utils.random(-200, 200)}`,\n                        scale: gsap.utils.random(0.5, 1.5),\n                        duration: gsap.utils.random(5, 10),\n                        repeat: -1,\n                        yoyo: true,\n                        ease: \"power1.inOut\"\n                    });\n\n                    animations.push(rotationAnim, movementAnim);\n                });\n\n                \/\/ Cleanup function\n                return function cleanup() {\n                    animations.forEach(function(anim) {\n                        anim.kill();\n                    });\n                };\n            } else {\n                console.error(\"GSAP is not loaded correctly.\");\n            }\n        }\n\n        var cleanupFn = startWhirlwindTextAnimation();\n\n        \/\/ Optional: Cleanup when leaving the page\n        window.addEventListener(beforeunload, function() {\n            if (cleanupFn) cleanupFn();\n        });\n    });\n    <\/script>\n<div class=\"art-content-layout\">\n<div class=\"art-content-layout-row\">\n<div class=\"art-layout-cell layout-item-1\" style=\"width: 50%;\">\n<h3 style=\"border-bottom: 1px dotted #A9BFCB; padding-bottom: 5px;\">EINLEITUNG<\/h3>\n<p><span style=\"font-weight: bold;\">Willkommen auf meiner Homepage. Hier findest Du News zu Artificial Intelligence, Virtualisierungen und diverse Blogposts zu verlinkten Themen.<\/span><\/p>\n<ul>\n<li>Die Blogs werden aus Zeitgr\u00fcnden teilweise autogeneriert.<\/li>\n<li>AI ist ein spannendes Thema, welches kaum spurlos an uns vorbeigeht. Es geht mir darum Chancen aber auch Risiken aufzuzeigen.<\/li>\n<li>Es werden auch zum Thema Virtualisierungen Blogposts ver\u00f6ffentlicht, dies ist ein Thema, welches mich pers\u00f6nlich besch\u00e4ftigt.<\/li>\n<li>In der Rubrik &#8218;Diverses&#8216; findest Du eine bunte Sammlung von Inhalten, die aus dem Rahmen fallen und dennoch wertvolle Einblicke, interessante Fakten und spannende Entdeckungen bieten.<\/li>\n<\/ul>\n<\/div>\n<div class=\"art-layout-cell layout-item-2\" style=\"width: 50%;\">\n<h3 style=\"border-bottom: 1px dotted #A9BFCB; padding-bottom: 5px;\">Die Welt ist voller Zeichen, du musst sie nur lesen k\u00f6nnen.<\/h3>\n<div class=\"image-caption-wrapper\" style=\"width: 100%;\"><img loading=\"lazy\" decoding=\"async\" class=\"art-lightbox\" style=\"margin: 7px;\" src=\"https:\/\/gancpt.at\/wordpress\/wp-content\/uploads\/2024\/08\/23.png\" alt=\"\" width=\"261\" height=\"154\" \/><br \/>\nZitat aus dem Film 23<\/div>\n<blockquote style=\"margin: 10px 0;\"><p>Die Gedanken sind frei, Wer kann sie errathen? Sie rauschen vorbei Wie n\u00e4chtliche Schatten. Kein Mensch kann sie wi\u00dfen, Kein J\u00e4ger sie schie\u00dfen. Es bleibet dabei: Die Gedanken sind frei.<\/p><\/blockquote>\n<\/div>\n<\/div>\n<\/div>\n","protected":false},"excerpt":{"rendered":"<p>EINLEITUNG Willkommen auf meiner Homepage. Hier findest Du News zu Artificial Intelligence, Virtualisierungen und diverse Blogposts zu verlinkten Themen. Die Blogs werden aus Zeitgr\u00fcnden teilweise autogeneriert. AI ist ein spannendes Thema, welches kaum spurlos an uns vorbeigeht. Es geht mir darum Chancen aber auch Risiken aufzuzeigen. Es werden auch zum Thema Virtualisierungen Blogposts ver\u00f6ffentlicht, dies [&hellip;]<\/p>\n","protected":false},"author":1,"featured_media":0,"parent":0,"menu_order":1,"comment_status":"closed","ping_status":"closed","template":"","meta":{"footnotes":""},"class_list":["post-157","page","type-page","status-publish","hentry"],"_links":{"self":[{"href":"https:\/\/gancpt.at\/wordpress\/wp-json\/wp\/v2\/pages\/157","targetHints":{"allow":["GET"]}}],"collection":[{"href":"https:\/\/gancpt.at\/wordpress\/wp-json\/wp\/v2\/pages"}],"about":[{"href":"https:\/\/gancpt.at\/wordpress\/wp-json\/wp\/v2\/types\/page"}],"author":[{"embeddable":true,"href":"https:\/\/gancpt.at\/wordpress\/wp-json\/wp\/v2\/users\/1"}],"replies":[{"embeddable":true,"href":"https:\/\/gancpt.at\/wordpress\/wp-json\/wp\/v2\/comments?post=157"}],"version-history":[{"count":1,"href":"https:\/\/gancpt.at\/wordpress\/wp-json\/wp\/v2\/pages\/157\/revisions"}],"predecessor-version":[{"id":1520,"href":"https:\/\/gancpt.at\/wordpress\/wp-json\/wp\/v2\/pages\/157\/revisions\/1520"}],"wp:attachment":[{"href":"https:\/\/gancpt.at\/wordpress\/wp-json\/wp\/v2\/media?parent=157"}],"curies":[{"name":"wp","href":"https:\/\/api.w.org\/{rel}","templated":true}]}}