{"id":3,"date":"2024-08-14T11:28:38","date_gmt":"2024-08-14T11:28:38","guid":{"rendered":"https:\/\/gancpt.at\/wordpress\/?page_id=3"},"modified":"2024-08-15T14:27:10","modified_gmt":"2024-08-15T14:27:10","slug":"impressum","status":"publish","type":"page","link":"https:\/\/gancpt.at\/wordpress\/impressum\/","title":{"rendered":"Impressum"},"content":{"rendered":"\n<p><strong>Inhaber:<\/strong><br>Gottfried Aumann<br>Untere Landstra\u00dfe 1<br>2130 H\u00fcttendorf<br>\u00d6sterreich<\/p>\n\n\n\n<p><strong>Kontakt:<\/strong><br>Telefon: +436602220280<br>E-Mail: thescribbler1980ATgmail.com<\/p>\n\n\n\n<p><strong>Unternehmensgegenstand:<\/strong><br>Nicht zutreffend, dies ist ein privates Homepageprojekt.<\/p>\n\n\n\n<p><strong>UID-Nummer:<\/strong><br>Nicht zutreffend, da kein Gewerbe vorhanden.<\/p>\n\n\n\n<p><strong>Wirtschaftskammer:<\/strong><br>Nicht zutreffend, da kein Gewerbe vorhanden.<\/p>\n\n\n\n<p><strong>Haftungsausschluss:<\/strong><br>Die Inhalte dieser Website wurden mit gr\u00f6\u00dftm\u00f6glicher Sorgfalt erstellt. Der Anbieter \u00fcbernimmt jedoch keine Gew\u00e4hr f\u00fcr die Richtigkeit, Vollst\u00e4ndigkeit und Aktualit\u00e4t der bereitgestellten Inhalte. Alle Angebote sind freibleibend und unverbindlich. Der Anbieter beh\u00e4lt sich vor, Teile der Seite oder das gesamte Angebot ohne gesonderte Ank\u00fcndigung zu ver\u00e4ndern, zu erg\u00e4nzen oder die Ver\u00f6ffentlichung zeitweise oder endg\u00fcltig einzustellen.<\/p>\n\n\n\n<p><strong>Haftung f\u00fcr Links:<\/strong><br>Diese Website enth\u00e4lt Links zu externen Websites, auf deren Inhalte der Anbieter keinen Einfluss hat. F\u00fcr die Inhalte der verlinkten Seiten ist stets der jeweilige Anbieter oder Betreiber der Seiten verantwortlich. Die verlinkten Seiten wurden zum Zeitpunkt der Verlinkung auf m\u00f6gliche Rechtsverst\u00f6\u00dfe \u00fcberpr\u00fcft. Rechtswidrige Inhalte waren zum Zeitpunkt der Verlinkung nicht erkennbar.<\/p>\n\n\n\n<p><strong>Urheberrecht:<\/strong><br>Die durch den Anbieter erstellten Inhalte und Werke auf dieser Website unterliegen dem \u00f6sterreichischen Urheberrecht. Beitr\u00e4ge Dritter sind als solche gekennzeichnet. Die Vervielf\u00e4ltigung, Bearbeitung, Verbreitung oder jede Art der Verwertung au\u00dferhalb der Grenzen des Urheberrechts bedarf der schriftlichen Zustimmung des jeweiligen Autors bzw. Erstellers.<\/p>\n\n\n\n<p><strong>Datenschutz:<\/strong><br>Informationen zum Datenschutz finden Sie in unserer <a href=\"#\">Datenschutzerkl\u00e4rung<\/a>.<\/p>\n\n\n\n<p><strong>Online-Streitbeilegung:<\/strong><br>Die Europ\u00e4ische Kommission stellt eine Plattform zur Online-Streitbeilegung (OS) bereit, die Sie hier finden: <a href=\"https:\/\/ec.europa.eu\/consumers\/odr\">https:\/\/ec.europa.eu\/consumers\/odr<\/a>. Wir sind bereit, an einem au\u00dfergerichtlichen Schlichtungsverfahren teilzunehmen.<\/p>\n","protected":false},"excerpt":{"rendered":"<p>Inhaber:Gottfried AumannUntere Landstra\u00dfe 12130 H\u00fcttendorf\u00d6sterreich Kontakt:Telefon: +436602220280E-Mail: thescribbler1980ATgmail.com Unternehmensgegenstand:Nicht zutreffend, dies ist ein privates Homepageprojekt. UID-Nummer:Nicht zutreffend, da kein Gewerbe vorhanden. Wirtschaftskammer:Nicht zutreffend, da kein Gewerbe vorhanden. Haftungsausschluss:Die Inhalte dieser Website wurden mit gr\u00f6\u00dftm\u00f6glicher Sorgfalt erstellt. Der Anbieter \u00fcbernimmt jedoch keine Gew\u00e4hr f\u00fcr die Richtigkeit, Vollst\u00e4ndigkeit und Aktualit\u00e4t der bereitgestellten Inhalte. Alle Angebote sind freibleibend [&hellip;]<\/p>\n","protected":false},"author":1,"featured_media":0,"parent":0,"menu_order":0,"comment_status":"closed","ping_status":"open","template":"","meta":{"footnotes":""},"class_list":["post-3","page","type-page","status-publish","hentry"],"_links":{"self":[{"href":"https:\/\/gancpt.at\/wordpress\/wp-json\/wp\/v2\/pages\/3","targetHints":{"allow":["GET"]}}],"collection":[{"href":"https:\/\/gancpt.at\/wordpress\/wp-json\/wp\/v2\/pages"}],"about":[{"href":"https:\/\/gancpt.at\/wordpress\/wp-json\/wp\/v2\/types\/page"}],"author":[{"embeddable":true,"href":"https:\/\/gancpt.at\/wordpress\/wp-json\/wp\/v2\/users\/1"}],"replies":[{"embeddable":true,"href":"https:\/\/gancpt.at\/wordpress\/wp-json\/wp\/v2\/comments?post=3"}],"version-history":[{"count":0,"href":"https:\/\/gancpt.at\/wordpress\/wp-json\/wp\/v2\/pages\/3\/revisions"}],"wp:attachment":[{"href":"https:\/\/gancpt.at\/wordpress\/wp-json\/wp\/v2\/media?parent=3"}],"curies":[{"name":"wp","href":"https:\/\/api.w.org\/{rel}","templated":true}]}}